{"id":5264,"date":"2022-11-23T13:14:23","date_gmt":"2022-11-23T06:14:23","guid":{"rendered":"https:\/\/www.tagsamurai.com\/?page_id=5264"},"modified":"2023-06-08T14:27:47","modified_gmt":"2023-06-08T07:27:47","slug":"carriere","status":"publish","type":"page","link":"https:\/\/www.tagsamurai.com\/fr\/career\/","title":{"rendered":"Carri\u00e8re"},"content":{"rendered":"<div data-elementor-type=\"wp-page\" data-elementor-id=\"5264\" class=\"elementor elementor-5264\">\n\t\t\t\t\t\t<section class=\"elementor-section elementor-top-section elementor-element elementor-element-2491f01 elementor-reverse-tablet elementor-reverse-mobile elementor-section-boxed elementor-section-height-default elementor-section-height-default\" data-id=\"2491f01\" data-element_type=\"section\" data-settings=\"{&quot;background_background&quot;:&quot;classic&quot;}\">\n\t\t\t\t\t\t\t<div class=\"elementor-background-overlay\"><\/div>\n\t\t\t\t\t\t\t<div class=\"elementor-container elementor-column-gap-default\">\n\t\t\t\t\t<div class=\"elementor-column elementor-col-100 elementor-top-column elementor-element elementor-element-1279372b\" data-id=\"1279372b\" data-element_type=\"column\">\n\t\t\t<div class=\"elementor-widget-wrap elementor-element-populated\">\n\t\t\t\t\t\t<div class=\"elementor-element elementor-element-358d16ac elementor-widget elementor-widget-heading\" data-id=\"358d16ac\" data-element_type=\"widget\" data-widget_type=\"heading.default\">\n\t\t\t\t<div class=\"elementor-widget-container\">\n\t\t\t\t\t<h3 class=\"elementor-heading-title elementor-size-default\"><b>Rejoignez notre \u00e9quipe gagnante<\/b><\/h3>\t\t\t\t<\/div>\n\t\t\t\t<\/div>\n\t\t\t\t<div class=\"elementor-element elementor-element-15977be5 elementor-widget elementor-widget-text-editor\" data-id=\"15977be5\" data-element_type=\"widget\" data-widget_type=\"text-editor.default\">\n\t\t\t\t<div class=\"elementor-widget-container\">\n\t\t\t\t\t\t\t\t\t<p style=\"text-align: center;\">Pr\u00eat \u00e0 collaborer, travailler et r\u00e9aliser vos r\u00eaves avec Tag Samurai<\/p>\t\t\t\t\t\t\t\t<\/div>\n\t\t\t\t<\/div>\n\t\t\t\t<section class=\"elementor-section elementor-inner-section elementor-element elementor-element-548c820c elementor-section-full_width elementor-section-height-default elementor-section-height-default\" data-id=\"548c820c\" data-element_type=\"section\">\n\t\t\t\t\t\t<div class=\"elementor-container elementor-column-gap-no\">\n\t\t\t\t\t<div class=\"elementor-column elementor-col-100 elementor-inner-column elementor-element elementor-element-71b9b48\" data-id=\"71b9b48\" data-element_type=\"column\">\n\t\t\t<div class=\"elementor-widget-wrap elementor-element-populated\">\n\t\t\t\t\t\t<div class=\"elementor-element elementor-element-2191b32e elementor-align-center elementor-widget elementor-widget-button\" data-id=\"2191b32e\" data-element_type=\"widget\" data-widget_type=\"button.default\">\n\t\t\t\t<div class=\"elementor-widget-container\">\n\t\t\t\t\t\t\t\t\t<div class=\"elementor-button-wrapper\">\n\t\t\t\t\t<a class=\"elementor-button elementor-button-link elementor-size-sm\" href=\"https:\/\/www.tagsamurai.com\/fr\/consultation-gratuite\/\" target=\"_blank\">\n\t\t\t\t\t\t<span class=\"elementor-button-content-wrapper\">\n\t\t\t\t\t\t\t\t\t<span class=\"elementor-button-text\">Consultation gratuite<\/span>\n\t\t\t\t\t<\/span>\n\t\t\t\t\t<\/a>\n\t\t\t\t<\/div>\n\t\t\t\t\t\t\t\t<\/div>\n\t\t\t\t<\/div>\n\t\t\t\t\t<\/div>\n\t\t<\/div>\n\t\t\t\t\t<\/div>\n\t\t<\/section>\n\t\t\t\t\t<\/div>\n\t\t<\/div>\n\t\t\t\t\t<\/div>\n\t\t<\/section>\n\t\t\t\t<section class=\"elementor-section elementor-top-section elementor-element elementor-element-7624a673 elementor-section-boxed elementor-section-height-default elementor-section-height-default\" data-id=\"7624a673\" data-element_type=\"section\" data-settings=\"{&quot;background_background&quot;:&quot;classic&quot;}\">\n\t\t\t\t\t\t\t<div class=\"elementor-background-overlay\"><\/div>\n\t\t\t\t\t\t\t<div class=\"elementor-container elementor-column-gap-default\">\n\t\t\t\t\t<div class=\"elementor-column elementor-col-100 elementor-top-column elementor-element elementor-element-5762df9b\" data-id=\"5762df9b\" data-element_type=\"column\">\n\t\t\t<div class=\"elementor-widget-wrap elementor-element-populated\">\n\t\t\t\t\t\t<div class=\"elementor-element elementor-element-37f5feb7 elementor-widget elementor-widget-heading\" data-id=\"37f5feb7\" data-element_type=\"widget\" data-widget_type=\"heading.default\">\n\t\t\t\t<div class=\"elementor-widget-container\">\n\t\t\t\t\t<h2 class=\"elementor-heading-title elementor-size-default\"><b>Notre technologie<\/b><span style=\"color:#3672B2\">ologies<\/span><\/h2>\t\t\t\t<\/div>\n\t\t\t\t<\/div>\n\t\t\t\t<section class=\"elementor-section elementor-inner-section elementor-element elementor-element-5e6aa4e5 elementor-section-full_width elementor-section-height-default elementor-section-height-default\" data-id=\"5e6aa4e5\" data-element_type=\"section\">\n\t\t\t\t\t\t<div class=\"elementor-container elementor-column-gap-default\">\n\t\t\t\t\t<div class=\"elementor-column elementor-col-33 elementor-inner-column elementor-element elementor-element-325f8943\" data-id=\"325f8943\" data-element_type=\"column\">\n\t\t\t<div class=\"elementor-widget-wrap elementor-element-populated\">\n\t\t\t\t\t\t<section class=\"elementor-section elementor-inner-section elementor-element elementor-element-19fd0710 elementor-section-boxed elementor-section-height-default elementor-section-height-default\" data-id=\"19fd0710\" data-element_type=\"section\" data-settings=\"{&quot;background_background&quot;:&quot;classic&quot;}\">\n\t\t\t\t\t\t<div class=\"elementor-container elementor-column-gap-default\">\n\t\t\t\t\t<div class=\"elementor-column elementor-col-100 elementor-inner-column elementor-element elementor-element-2b5c0bfc\" data-id=\"2b5c0bfc\" data-element_type=\"column\">\n\t\t\t<div class=\"elementor-widget-wrap elementor-element-populated\">\n\t\t\t\t\t\t<div class=\"elementor-element elementor-element-365ed638 elementor-position-top elementor-widget elementor-widget-image-box\" data-id=\"365ed638\" data-element_type=\"widget\" data-widget_type=\"image-box.default\">\n\t\t\t\t<div class=\"elementor-widget-container\">\n\t\t\t\t\t<div class=\"elementor-image-box-wrapper\"><figure class=\"elementor-image-box-img\"><img fetchpriority=\"high\" decoding=\"async\" width=\"355\" height=\"364\" src=\"https:\/\/www.tagsamurai.com\/wp-content\/uploads\/2022\/11\/Kerjasama-Tim.webp\" class=\"attachment-full size-full wp-image-5269\" alt=\"\" \/><\/figure><div class=\"elementor-image-box-content\"><h3 class=\"elementor-image-box-title\">Nous nous \u00e9levons en nous \u00e9levant les uns les autres<\/h3><p class=\"elementor-image-box-description\">Notre culture de travail est de s\u2019\u00e9lever et d\u2019avancer en se soutenant mutuellement.<\/p><\/div><\/div>\t\t\t\t<\/div>\n\t\t\t\t<\/div>\n\t\t\t\t\t<\/div>\n\t\t<\/div>\n\t\t\t\t\t<\/div>\n\t\t<\/section>\n\t\t\t\t\t<\/div>\n\t\t<\/div>\n\t\t\t\t<div class=\"elementor-column elementor-col-33 elementor-inner-column elementor-element elementor-element-79d6b35c\" data-id=\"79d6b35c\" data-element_type=\"column\">\n\t\t\t<div class=\"elementor-widget-wrap elementor-element-populated\">\n\t\t\t\t\t\t<section class=\"elementor-section elementor-inner-section elementor-element elementor-element-6fc6e421 elementor-section-boxed elementor-section-height-default elementor-section-height-default\" data-id=\"6fc6e421\" data-element_type=\"section\" data-settings=\"{&quot;background_background&quot;:&quot;classic&quot;}\">\n\t\t\t\t\t\t<div class=\"elementor-container elementor-column-gap-default\">\n\t\t\t\t\t<div class=\"elementor-column elementor-col-100 elementor-inner-column elementor-element elementor-element-bc67364\" data-id=\"bc67364\" data-element_type=\"column\">\n\t\t\t<div class=\"elementor-widget-wrap elementor-element-populated\">\n\t\t\t\t\t\t<div class=\"elementor-element elementor-element-60b16b48 elementor-position-top elementor-widget elementor-widget-image-box\" data-id=\"60b16b48\" data-element_type=\"widget\" data-widget_type=\"image-box.default\">\n\t\t\t\t<div class=\"elementor-widget-container\">\n\t\t\t\t\t<div class=\"elementor-image-box-wrapper\"><figure class=\"elementor-image-box-img\"><img decoding=\"async\" width=\"355\" height=\"364\" src=\"https:\/\/www.tagsamurai.com\/wp-content\/uploads\/2022\/11\/Inovatif-dan-Dinamis.webp\" class=\"attachment-full size-full wp-image-5270\" alt=\"\" \/><\/figure><div class=\"elementor-image-box-content\"><h3 class=\"elementor-image-box-title\">Innovant et dynamique<\/h3><p class=\"elementor-image-box-description\"><p>L\u2019innovation est le principal moteur du changement, nous nous adaptons toujours aux nouvelles id\u00e9es et aux avanc\u00e9es afin que nos technologies puissent continuer \u00e0 cro\u00eetre et \u00e0 progresser.<span style=\"font-style: inherit;font-weight: inherit;color: var(--ast-global-color-3)\"><\/span><\/p><\/p><\/div><\/div>\t\t\t\t<\/div>\n\t\t\t\t<\/div>\n\t\t\t\t\t<\/div>\n\t\t<\/div>\n\t\t\t\t\t<\/div>\n\t\t<\/section>\n\t\t\t\t\t<\/div>\n\t\t<\/div>\n\t\t\t\t<div class=\"elementor-column elementor-col-33 elementor-inner-column elementor-element elementor-element-711892d1\" data-id=\"711892d1\" data-element_type=\"column\">\n\t\t\t<div class=\"elementor-widget-wrap elementor-element-populated\">\n\t\t\t\t\t\t<section class=\"elementor-section elementor-inner-section elementor-element elementor-element-3958c997 elementor-section-boxed elementor-section-height-default elementor-section-height-default\" data-id=\"3958c997\" data-element_type=\"section\" data-settings=\"{&quot;background_background&quot;:&quot;classic&quot;}\">\n\t\t\t\t\t\t<div class=\"elementor-container elementor-column-gap-default\">\n\t\t\t\t\t<div class=\"elementor-column elementor-col-100 elementor-inner-column elementor-element elementor-element-5f81a1a9\" data-id=\"5f81a1a9\" data-element_type=\"column\">\n\t\t\t<div class=\"elementor-widget-wrap elementor-element-populated\">\n\t\t\t\t\t\t<div class=\"elementor-element elementor-element-b6fc168 elementor-position-top elementor-widget elementor-widget-image-box\" data-id=\"b6fc168\" data-element_type=\"widget\" data-widget_type=\"image-box.default\">\n\t\t\t\t<div class=\"elementor-widget-container\">\n\t\t\t\t\t<div class=\"elementor-image-box-wrapper\"><figure class=\"elementor-image-box-img\"><img decoding=\"async\" width=\"355\" height=\"364\" src=\"https:\/\/www.tagsamurai.com\/wp-content\/uploads\/2022\/11\/Pengembangan-Tim.webp\" class=\"attachment-full size-full wp-image-5271\" alt=\"\" \/><\/figure><div class=\"elementor-image-box-content\"><h3 class=\"elementor-image-box-title\">Nous nous \u00e9levons en nous \u00e9levant les uns les autres<\/h3><p class=\"elementor-image-box-description\"><span style=\"font-family: Poppins, sans-serif;text-align: justify\">Nous accordons une importance constante au d\u00e9veloppement de nos \u00e9quipes. Nous sommes convaincus qu&#039;une \u00e9quipe solide permet d&#039;atteindre de grands objectifs.<\/span><\/p><\/div><\/div>\t\t\t\t<\/div>\n\t\t\t\t<\/div>\n\t\t\t\t\t<\/div>\n\t\t<\/div>\n\t\t\t\t\t<\/div>\n\t\t<\/section>\n\t\t\t\t\t<\/div>\n\t\t<\/div>\n\t\t\t\t\t<\/div>\n\t\t<\/section>\n\t\t\t\t\t<\/div>\n\t\t<\/div>\n\t\t\t\t\t<\/div>\n\t\t<\/section>\n\t\t\t\t<\/div>","protected":false},"excerpt":{"rendered":"<p>Join Our Winning Team Ready to collaborate, work, and achieve dreams with Tag Samurai Free Consultation Our Technologies We Rise by Lifting Each Other Our work culture is to rise and move forward by supporting each other. Innovative &#038; Dynamic Innovation is the main driver in change, we always accommodate new ideas and breakthroughs so [&hellip;]<\/p>\n","protected":false},"author":3,"featured_media":0,"parent":0,"menu_order":0,"comment_status":"closed","ping_status":"closed","template":"","meta":{"site-sidebar-layout":"no-sidebar","site-content-layout":"page-builder","ast-site-content-layout":"default","site-content-style":"default","site-sidebar-style":"default","ast-global-header-display":"","ast-banner-title-visibility":"","ast-main-header-display":"","ast-hfb-above-header-display":"","ast-hfb-below-header-display":"","ast-hfb-mobile-header-display":"","site-post-title":"disabled","ast-breadcrumbs-content":"","ast-featured-img":"disabled","footer-sml-layout":"","theme-transparent-header-meta":"default","adv-header-id-meta":"","stick-header-meta":"","header-above-stick-meta":"","header-main-stick-meta":"","header-below-stick-meta":"","astra-migrate-meta-layouts":"default","ast-page-background-enabled":"default","ast-page-background-meta":{"desktop":{"background-color":"var(--ast-global-color-4)","background-image":"","background-repeat":"repeat","background-position":"center center","background-size":"auto","background-attachment":"scroll","background-type":"","background-media":"","overlay-type":"","overlay-color":"","overlay-opacity":"","overlay-gradient":""},"tablet":{"background-color":"","background-image":"","background-repeat":"repeat","background-position":"center center","background-size":"auto","background-attachment":"scroll","background-type":"","background-media":"","overlay-type":"","overlay-color":"","overlay-opacity":"","overlay-gradient":""},"mobile":{"background-color":"","background-image":"","background-repeat":"repeat","background-position":"center center","background-size":"auto","background-attachment":"scroll","background-type":"","background-media":"","overlay-type":"","overlay-color":"","overlay-opacity":"","overlay-gradient":""}},"ast-content-background-meta":{"desktop":{"background-color":"var(--ast-global-color-5)","background-image":"","background-repeat":"repeat","background-position":"center center","background-size":"auto","background-attachment":"scroll","background-type":"","background-media":"","overlay-type":"","overlay-color":"","overlay-opacity":"","overlay-gradient":""},"tablet":{"background-color":"var(--ast-global-color-5)","background-image":"","background-repeat":"repeat","background-position":"center center","background-size":"auto","background-attachment":"scroll","background-type":"","background-media":"","overlay-type":"","overlay-color":"","overlay-opacity":"","overlay-gradient":""},"mobile":{"background-color":"var(--ast-global-color-5)","background-image":"","background-repeat":"repeat","background-position":"center center","background-size":"auto","background-attachment":"scroll","background-type":"","background-media":"","overlay-type":"","overlay-color":"","overlay-opacity":"","overlay-gradient":""}},"footnotes":""},"class_list":["post-5264","page","type-page","status-publish","hentry"],"yoast_head":"<!-- This site is optimized with the Yoast SEO plugin v27.1.1 - https:\/\/yoast.com\/product\/yoast-seo-wordpress\/ -->\n<title>Join With Us | TAG Samurai Careers<\/title>\n<meta name=\"description\" content=\"Job vacancies available at the TAG Samurai company for internship positions, fresh graduates, and also experienced. Let&#039;s Career with Us.\" \/>\n<meta name=\"robots\" content=\"index, follow, max-snippet:-1, max-image-preview:large, max-video-preview:-1\" \/>\n<link rel=\"canonical\" href=\"https:\/\/www.tagsamurai.com\/fr\/carriere\/\" \/>\n<meta property=\"og:locale\" content=\"fr_FR\" \/>\n<meta property=\"og:type\" content=\"article\" \/>\n<meta property=\"og:title\" content=\"Join With Us | TAG Samurai Careers\" \/>\n<meta property=\"og:description\" content=\"Job vacancies available at the TAG Samurai company for internship positions, fresh graduates, and also experienced. Let&#039;s Career with Us.\" \/>\n<meta property=\"og:url\" content=\"https:\/\/www.tagsamurai.com\/fr\/carriere\/\" \/>\n<meta property=\"og:site_name\" content=\"TAG Samurai\" \/>\n<meta property=\"article:publisher\" content=\"https:\/\/www.facebook.com\/tagsamurai.official\" \/>\n<meta property=\"article:modified_time\" content=\"2023-06-08T07:27:47+00:00\" \/>\n<meta property=\"og:image\" content=\"https:\/\/www.tagsamurai.com\/wp-content\/uploads\/2022\/11\/Kerjasama-Tim.webp\" \/>\n<meta name=\"twitter:card\" content=\"summary_large_image\" \/>\n<meta name=\"twitter:site\" content=\"@TAG_Samurai\" \/>\n<meta name=\"twitter:label1\" content=\"Dur\u00e9e de lecture estim\u00e9e\" \/>\n\t<meta name=\"twitter:data1\" content=\"1 minute\" \/>\n<script type=\"application\/ld+json\" class=\"yoast-schema-graph\">{\"@context\":\"https:\/\/schema.org\",\"@graph\":[{\"@type\":\"WebPage\",\"@id\":\"https:\/\/www.tagsamurai.com\/fr\/career\/\",\"url\":\"https:\/\/www.tagsamurai.com\/fr\/career\/\",\"name\":\"Join With Us | TAG Samurai Careers\",\"isPartOf\":{\"@id\":\"https:\/\/www.tagsamurai.com\/fr\/#website\"},\"primaryImageOfPage\":{\"@id\":\"https:\/\/www.tagsamurai.com\/fr\/career\/#primaryimage\"},\"image\":{\"@id\":\"https:\/\/www.tagsamurai.com\/fr\/career\/#primaryimage\"},\"thumbnailUrl\":\"https:\/\/www.tagsamurai.com\/wp-content\/uploads\/2022\/11\/Kerjasama-Tim.webp\",\"datePublished\":\"2022-11-23T06:14:23+00:00\",\"dateModified\":\"2023-06-08T07:27:47+00:00\",\"description\":\"Job vacancies available at the TAG Samurai company for internship positions, fresh graduates, and also experienced. Let's Career with Us.\",\"breadcrumb\":{\"@id\":\"https:\/\/www.tagsamurai.com\/fr\/career\/#breadcrumb\"},\"inLanguage\":\"fr-FR\",\"potentialAction\":[{\"@type\":\"ReadAction\",\"target\":[\"https:\/\/www.tagsamurai.com\/fr\/career\/\"]}]},{\"@type\":\"ImageObject\",\"inLanguage\":\"fr-FR\",\"@id\":\"https:\/\/www.tagsamurai.com\/fr\/career\/#primaryimage\",\"url\":\"https:\/\/www.tagsamurai.com\/wp-content\/uploads\/2022\/11\/Kerjasama-Tim.webp\",\"contentUrl\":\"https:\/\/www.tagsamurai.com\/wp-content\/uploads\/2022\/11\/Kerjasama-Tim.webp\"},{\"@type\":\"BreadcrumbList\",\"@id\":\"https:\/\/www.tagsamurai.com\/fr\/career\/#breadcrumb\",\"itemListElement\":[{\"@type\":\"ListItem\",\"position\":1,\"name\":\"Home\",\"item\":\"https:\/\/www.tagsamurai.com\/\"},{\"@type\":\"ListItem\",\"position\":2,\"name\":\"Career\"}]},{\"@type\":\"WebSite\",\"@id\":\"https:\/\/www.tagsamurai.com\/fr\/#website\",\"url\":\"https:\/\/www.tagsamurai.com\/fr\/\",\"name\":\"TAG Samurai\",\"description\":\"Best Enterprise Asset Management Software\",\"publisher\":{\"@id\":\"https:\/\/www.tagsamurai.com\/fr\/#organization\"},\"potentialAction\":[{\"@type\":\"SearchAction\",\"target\":{\"@type\":\"EntryPoint\",\"urlTemplate\":\"https:\/\/www.tagsamurai.com\/fr\/?s={search_term_string}\"},\"query-input\":{\"@type\":\"PropertyValueSpecification\",\"valueRequired\":true,\"valueName\":\"search_term_string\"}}],\"inLanguage\":\"fr-FR\"},{\"@type\":\"Organization\",\"@id\":\"https:\/\/www.tagsamurai.com\/fr\/#organization\",\"name\":\"TAG Samurai\",\"url\":\"https:\/\/www.tagsamurai.com\/fr\/\",\"logo\":{\"@type\":\"ImageObject\",\"inLanguage\":\"fr-FR\",\"@id\":\"https:\/\/www.tagsamurai.com\/fr\/#\/schema\/logo\/image\/\",\"url\":\"https:\/\/www.tagsamurai.com\/wp-content\/uploads\/2026\/03\/cropped-Tag-Samurai-logo1-1.jpg\",\"contentUrl\":\"https:\/\/www.tagsamurai.com\/wp-content\/uploads\/2026\/03\/cropped-Tag-Samurai-logo1-1.jpg\",\"width\":512,\"height\":512,\"caption\":\"TAG Samurai\"},\"image\":{\"@id\":\"https:\/\/www.tagsamurai.com\/fr\/#\/schema\/logo\/image\/\"},\"sameAs\":[\"https:\/\/www.facebook.com\/tagsamurai.official\",\"https:\/\/x.com\/TAG_Samurai\",\"https:\/\/www.instagram.com\/tagsamurai.official\/\",\"https:\/\/www.linkedin.com\/company\/tagsamuraiofficial\/\",\"https:\/\/www.youtube.com\/channel\/UC2WRBPJsdh_MYNaJe0XzAeQ\"]}]}<\/script>\n<!-- \/ Yoast SEO plugin. -->","yoast_head_json":{"title":"Rejoignez-nous | Carri\u00e8res TAG Samurai","description":"Job vacancies available at the TAG Samurai company for internship positions, fresh graduates, and also experienced. Let's Career with Us.","robots":{"index":"index","follow":"follow","max-snippet":"max-snippet:-1","max-image-preview":"max-image-preview:large","max-video-preview":"max-video-preview:-1"},"canonical":"https:\/\/www.tagsamurai.com\/fr\/carriere\/","og_locale":"fr_FR","og_type":"article","og_title":"Join With Us | TAG Samurai Careers","og_description":"Job vacancies available at the TAG Samurai company for internship positions, fresh graduates, and also experienced. Let's Career with Us.","og_url":"https:\/\/www.tagsamurai.com\/fr\/carriere\/","og_site_name":"TAG Samurai","article_publisher":"https:\/\/www.facebook.com\/tagsamurai.official","article_modified_time":"2023-06-08T07:27:47+00:00","og_image":[{"url":"https:\/\/www.tagsamurai.com\/wp-content\/uploads\/2022\/11\/Kerjasama-Tim.webp","type":"","width":"","height":""}],"twitter_card":"summary_large_image","twitter_site":"@TAG_Samurai","twitter_misc":{"Dur\u00e9e de lecture estim\u00e9e":"1 minute"},"schema":{"@context":"https:\/\/schema.org","@graph":[{"@type":"WebPage","@id":"https:\/\/www.tagsamurai.com\/fr\/career\/","url":"https:\/\/www.tagsamurai.com\/fr\/career\/","name":"Rejoignez-nous | Carri\u00e8res TAG Samurai","isPartOf":{"@id":"https:\/\/www.tagsamurai.com\/fr\/#website"},"primaryImageOfPage":{"@id":"https:\/\/www.tagsamurai.com\/fr\/career\/#primaryimage"},"image":{"@id":"https:\/\/www.tagsamurai.com\/fr\/career\/#primaryimage"},"thumbnailUrl":"https:\/\/www.tagsamurai.com\/wp-content\/uploads\/2022\/11\/Kerjasama-Tim.webp","datePublished":"2022-11-23T06:14:23+00:00","dateModified":"2023-06-08T07:27:47+00:00","description":"Job vacancies available at the TAG Samurai company for internship positions, fresh graduates, and also experienced. Let's Career with Us.","breadcrumb":{"@id":"https:\/\/www.tagsamurai.com\/fr\/career\/#breadcrumb"},"inLanguage":"fr-FR","potentialAction":[{"@type":"ReadAction","target":["https:\/\/www.tagsamurai.com\/fr\/career\/"]}]},{"@type":"ImageObject","inLanguage":"fr-FR","@id":"https:\/\/www.tagsamurai.com\/fr\/career\/#primaryimage","url":"https:\/\/www.tagsamurai.com\/wp-content\/uploads\/2022\/11\/Kerjasama-Tim.webp","contentUrl":"https:\/\/www.tagsamurai.com\/wp-content\/uploads\/2022\/11\/Kerjasama-Tim.webp"},{"@type":"BreadcrumbList","@id":"https:\/\/www.tagsamurai.com\/fr\/career\/#breadcrumb","itemListElement":[{"@type":"ListItem","position":1,"name":"Home","item":"https:\/\/www.tagsamurai.com\/"},{"@type":"ListItem","position":2,"name":"Career"}]},{"@type":"WebSite","@id":"https:\/\/www.tagsamurai.com\/fr\/#website","url":"https:\/\/www.tagsamurai.com\/fr\/","name":"TAG Samurai","description":"Meilleur logiciel de gestion des actifs d&#039;entreprise","publisher":{"@id":"https:\/\/www.tagsamurai.com\/fr\/#organization"},"potentialAction":[{"@type":"SearchAction","target":{"@type":"EntryPoint","urlTemplate":"https:\/\/www.tagsamurai.com\/fr\/?s={search_term_string}"},"query-input":{"@type":"PropertyValueSpecification","valueRequired":true,"valueName":"search_term_string"}}],"inLanguage":"fr-FR"},{"@type":"Organization","@id":"https:\/\/www.tagsamurai.com\/fr\/#organization","name":"TAG Samurai","url":"https:\/\/www.tagsamurai.com\/fr\/","logo":{"@type":"ImageObject","inLanguage":"fr-FR","@id":"https:\/\/www.tagsamurai.com\/fr\/#\/schema\/logo\/image\/","url":"https:\/\/www.tagsamurai.com\/wp-content\/uploads\/2026\/03\/cropped-Tag-Samurai-logo1-1.jpg","contentUrl":"https:\/\/www.tagsamurai.com\/wp-content\/uploads\/2026\/03\/cropped-Tag-Samurai-logo1-1.jpg","width":512,"height":512,"caption":"TAG Samurai"},"image":{"@id":"https:\/\/www.tagsamurai.com\/fr\/#\/schema\/logo\/image\/"},"sameAs":["https:\/\/www.facebook.com\/tagsamurai.official","https:\/\/x.com\/TAG_Samurai","https:\/\/www.instagram.com\/tagsamurai.official\/","https:\/\/www.linkedin.com\/company\/tagsamuraiofficial\/","https:\/\/www.youtube.com\/channel\/UC2WRBPJsdh_MYNaJe0XzAeQ"]}]}},"_links":{"self":[{"href":"https:\/\/www.tagsamurai.com\/fr\/wp-json\/wp\/v2\/pages\/5264","targetHints":{"allow":["GET"]}}],"collection":[{"href":"https:\/\/www.tagsamurai.com\/fr\/wp-json\/wp\/v2\/pages"}],"about":[{"href":"https:\/\/www.tagsamurai.com\/fr\/wp-json\/wp\/v2\/types\/page"}],"author":[{"embeddable":true,"href":"https:\/\/www.tagsamurai.com\/fr\/wp-json\/wp\/v2\/users\/3"}],"replies":[{"embeddable":true,"href":"https:\/\/www.tagsamurai.com\/fr\/wp-json\/wp\/v2\/comments?post=5264"}],"version-history":[{"count":0,"href":"https:\/\/www.tagsamurai.com\/fr\/wp-json\/wp\/v2\/pages\/5264\/revisions"}],"wp:attachment":[{"href":"https:\/\/www.tagsamurai.com\/fr\/wp-json\/wp\/v2\/media?parent=5264"}],"curies":[{"name":"wp","href":"https:\/\/api.w.org\/{rel}","templated":true}]}}